{"id":125,"date":"2026-03-30T20:41:22","date_gmt":"2026-03-30T19:41:22","guid":{"rendered":"http:\/\/www.tresorbonte.eu\/?page_id=125"},"modified":"2026-03-30T21:56:01","modified_gmt":"2026-03-30T20:56:01","slug":"le-code-geisha-2","status":"publish","type":"page","link":"https:\/\/www.tresorbonte.eu\/index.php\/le-code-geisha-2\/","title":{"rendered":"Le code Geisha"},"content":{"rendered":"\n<!DOCTYPE html>\n<html lang=\"fr\">\n<head>\n    <meta charset=\"UTF-8\">\n    <meta name=\"viewport\" content=\"width=device-width, initial-scale=1.0\">\n    <title>Le Code Geisha \u2014 Tr\u00e9sor Bont\u00e9<\/title>\n    <style>\n        \/* ----- R\u00c9GLAGES HAUT DE GAMME (STYLE GALLIMARD) ----- *\/\n        :root {\n            --bg-paper: #fdfbf7;      \/* Cr\u00e8me \u00e9dition noble *\/\n            --text-main: #1a1a1a;     \/* Noir encre *\/\n            --text-muted: #555555;    \/* Gris \u00e9ditorial *\/\n            --text-excerpt: #666666;  \/* Gris de lecture *\/\n            --accent-red: #8c1515;    \/* Rouge \"Blanche\" Gallimard *\/\n            --font-serif: 'Georgia', 'Times New Roman', serif;\n            --font-sans: 'Helvetica Neue', Helvetica, Arial, sans-serif;\n            --line-height: 1.75;      \/* Interligne demand\u00e9 *\/\n            --font-size-base: 13pt;   \/* Taille de lecture demand\u00e9e *\/\n        }\n\n        * { box-sizing: border-box; margin: 0; padding: 0; }\n\n        body {\n            background-color: var(--bg-paper);\n            color: var(--text-main);\n            font-family: var(--font-serif);\n            -webkit-font-smoothing: antialiased;\n        }\n\n        .editorial-hub {\n            max-width: 900px;\n            margin: 0 auto;\n            padding: 8vh 30px;\n            line-height: var(--line-height);\n        }\n\n        \/* ----- NAVIGATION ----- *\/\n        .hub-nav {\n            display: flex;\n            justify-content: space-between;\n            align-items: center;\n            border-bottom: 1px solid rgba(0,0,0,0.08);\n            padding-bottom: 25px;\n            margin-bottom: 80px;\n            font-family: var(--font-sans);\n            font-size: 11px;\n            text-transform: uppercase;\n            letter-spacing: 2.5px;\n        }\n\n        .hub-nav a {\n            color: var(--text-main);\n            text-decoration: none;\n            transition: color 0.3s ease;\n        }\n\n        .hub-nav a:hover { color: var(--accent-red); }\n\n        \/* ----- SECTION COUVERTURE ET SYNOPSIS ----- *\/\n        .book-hero {\n            display: flex;\n            flex-direction: row;\n            align-items: flex-start;\n            gap: 60px;\n            margin-bottom: 120px;\n        }\n\n        .book-artwork {\n            flex: 0 0 320px;\n        }\n\n        .book-cover-img {\n            width: 100%;\n            height: auto;\n            max-height: 480px;\n            object-fit: contain;\n            box-shadow: 0 10px 40px rgba(0,0,0,0.12);\n            border-radius: 2px 5px 5px 2px;\n        }\n\n        .book-info { flex: 1; }\n\n        .book-author {\n            font-family: var(--font-sans);\n            font-size: 14px;\n            letter-spacing: 4px;\n            text-transform: uppercase;\n            color: var(--text-muted);\n            margin-bottom: 20px;\n            display: block;\n        }\n\n        .book-title {\n            font-size: 48px;\n            font-weight: normal;\n            margin: 0 0 25px 0;\n            line-height: 1.1;\n            letter-spacing: -1px;\n        }\n\n        .book-subtitle {\n            font-size: 20px;\n            font-style: italic;\n            color: var(--text-muted);\n            margin-bottom: 40px;\n        }\n\n        .book-synopsis {\n            font-size: var(--font-size-base);\n            text-align: justify;\n            border-left: 2px solid var(--accent-red);\n            padding-left: 25px;\n            margin-bottom: 40px;\n            color: var(--text-main);\n        }\n\n        \/* ----- SOMMAIRE ----- *\/\n        .index-section-title {\n            text-align: center;\n            font-size: 13px;\n            font-family: var(--font-sans);\n            text-transform: uppercase;\n            letter-spacing: 5px;\n            margin-bottom: 60px;\n            color: var(--text-muted);\n        }\n\n        .chapter-list {\n            list-style: none;\n            padding: 0;\n            margin: 0 auto;\n            max-width: 800px;\n        }\n\n        .chapter-item {\n            display: flex;\n            justify-content: space-between;\n            align-items: flex-start;\n            padding: 45px 0;\n            border-bottom: 1px solid rgba(0,0,0,0.05);\n            transition: all 0.4s ease;\n        }\n\n        .chapter-item:hover {\n            border-bottom-color: var(--accent-red);\n        }\n\n        .chapter-content { flex: 1; padding-right: 40px; }\n\n        .chapter-meta {\n            display: flex;\n            align-items: baseline;\n            margin-bottom: 15px;\n            gap: 25px;\n        }\n\n        .chapter-number {\n            font-family: var(--font-sans);\n            font-size: 11px;\n            color: var(--accent-red);\n            font-weight: bold;\n            text-transform: uppercase;\n            min-width: 90px;\n        }\n\n        .chapter-name {\n            font-size: 22px;\n            color: var(--text-main);\n            text-decoration: none;\n            letter-spacing: -0.2px;\n        }\n\n        .chapter-excerpt {\n            margin-left: 115px;\n            font-size: 14px;\n            color: var(--text-excerpt);\n            line-height: 1.7;\n            text-align: justify;\n            font-style: italic;\n        }\n\n        .read-btn {\n            font-family: var(--font-sans);\n            font-size: 11px;\n            text-transform: uppercase;\n            letter-spacing: 2px;\n            color: var(--text-main);\n            text-decoration: none;\n            border: 1px solid rgba(0,0,0,0.15);\n            padding: 10px 25px;\n            transition: all 0.3s ease;\n            white-space: nowrap;\n        }\n\n        .read-btn:hover {\n            background-color: var(--text-main);\n            color: var(--bg-paper);\n            border-color: var(--text-main);\n        }\n\n        \/* ----- RESPONSIVE MOBILE ----- *\/\n        @media (max-width: 768px) {\n            .book-hero { flex-direction: column; align-items: center; text-align: center; }\n            .book-artwork { flex: 0 0 auto; width: 75%; max-width: 280px; margin-bottom: 40px; }\n            .book-synopsis { text-align: left; padding-left: 15px; }\n            .chapter-item { flex-direction: column; gap: 25px; padding: 35px 0; }\n            .chapter-meta { flex-direction: column; gap: 8px; }\n            .chapter-excerpt { margin-left: 0; }\n        }\n    <\/style>\n<\/head>\n<body>\n<div class=\"editorial-hub\">\n\n    <nav class=\"hub-nav\">\n        <a href=\"\/\">\u2190 Retour \u00e0 Tr\u00e9sor Bont\u00e9<\/a>\n        <span>L&rsquo;Univers Litt\u00e9raire<\/span>\n    <\/nav>\n\n    <header class=\"book-hero\">\n        <div class=\"book-artwork\">\n            <img decoding=\"async\" src=\"http:\/\/www.tresorbonte.eu\/wp-content\/uploads\/2026\/03\/Untitled-design-4.png\" \n                 alt=\"Le Code Geisha Cover\" \n                 class=\"book-cover-img\">\n        <\/div>\n\n        <div class=\"book-info\">\n            <span class=\"book-author\">Sora HAN<\/span>\n            <h1 class=\"book-title\">Le Code Geisha<\/h1>\n            <p class=\"book-subtitle\">Thriller corporate : parce que tu le vaux bien.<\/p>\n            <div class=\"book-synopsis\">\n                Le prestige, c&rsquo;est ce qui brille autour des r\u00e9putations, ce vernis d&rsquo;or qu&rsquo;on applique sur les surfaces lisses. Mais c&rsquo;est aussi ce qui se craquelle en premier quand la chaleur monte. Plongez dans les arcanes de PRESTIGE &amp; CO., o\u00f9 l&rsquo;hypocrisie est le ciment des murs.\n            <\/div>\n        <\/div>\n    <\/header>\n\n    <section class=\"book-chapters\">\n        <h3 class=\"index-section-title\">Sommaire de l&rsquo;\u0152uvre<\/h3>\n        <ul class=\"chapter-list\">\n            \n            <li class=\"chapter-item\">\n                <div class=\"chapter-content\">\n                    <div class=\"chapter-meta\">\n                        <span class=\"chapter-number\">Liminaire<\/span>\n                        <a href=\"http:\/\/www.tresorbonte.eu\/index.php\/2026\/03\/29\/prologue-le-code-gheisha\/\" class=\"chapter-name\">Prologue<\/a>\n                    <\/div>\n                    <p class=\"chapter-excerpt\">La nuit o\u00f9 tout a bascul\u00e9, Paris dormait encore. Mais dans les couloirs feutr\u00e9s de PRESTIGE &amp; CO., les t\u00e9l\u00e9phones avaient d\u00e9j\u00e0 commenc\u00e9 \u00e0 sonner.<\/p>\n                <\/div>\n                <a href=\"http:\/\/www.tresorbonte.eu\/index.php\/2026\/03\/29\/prologue-le-code-gheisha\/\" class=\"read-btn\">Lire<\/a>\n            <\/li>\n\n            <li class=\"chapter-item\">\n                <div class=\"chapter-content\">\n                    <div class=\"chapter-meta\">\n                        <span class=\"chapter-number\">Chapitre 1<\/span>\n                        <a href=\"http:\/\/www.tresorbonte.eu\/index.php\/2026\/03\/29\/chapitre-1-le-code-gheisha\/\" class=\"chapter-name\">L&#8217;empire du Matin Calme<\/a>\n                    <\/div>\n                    <p class=\"chapter-excerpt\">Ils \u00e9taient tous l\u00e0, align\u00e9s dans la salle de conf\u00e9rence du quarante-deuxi\u00e8me \u00e9tage, \u00e0 contempler le vide parisien.<\/p>\n                <\/div>\n                <a href=\"http:\/\/www.tresorbonte.eu\/index.php\/2026\/03\/29\/chapitre-1-le-code-gheisha\/\" class=\"read-btn\">Lire<\/a>\n            <\/li>\n\n            <li class=\"chapter-item\">\n                <div class=\"chapter-content\">\n                    <div class=\"chapter-meta\">\n                        <span class=\"chapter-number\">Chapitre 2<\/span>\n                        <a href=\"http:\/\/www.tresorbonte.eu\/index.php\/2026\/03\/29\/chapitre-2-le-code-gheisha\/\" class=\"chapter-name\">La Nuit o\u00f9 l&rsquo;Empire a trembl\u00e9<\/a>\n                    <\/div>\n                    <p class=\"chapter-excerpt\">Au sous-sol 3, l&rsquo;air sentait le papier sec et la poussi\u00e8re institutionnelle. C&rsquo;est ici que le groupe enterrait ce qu&rsquo;il ne pouvait pas d\u00e9truire.<\/p>\n                <\/div>\n                <a href=\"http:\/\/www.tresorbonte.eu\/index.php\/2026\/03\/29\/chapitre-2-le-code-gheisha\/\" class=\"read-btn\">Lire<\/a>\n            <\/li>\n\n            <li class=\"chapter-item\">\n                <div class=\"chapter-content\">\n                    <div class=\"chapter-meta\">\n                        <span class=\"chapter-number\">Chapitre 3<\/span>\n                        <a href=\"http:\/\/www.tresorbonte.eu\/index.php\/2026\/03\/30\/chapitre-3-le-code-geisha\/\" class=\"chapter-name\">L&rsquo;Effet Papillon<\/a>\n                    <\/div>\n                    <p class=\"chapter-excerpt\">Le Groupe s&rsquo;appelait PRESTIGE &amp; CO. C&rsquo;\u00e9tait bien trouv\u00e9. Le prestige, c&rsquo;est ce vernis d&rsquo;or qu&rsquo;on applique sur les surfaces lisses.<\/p>\n                <\/div>\n                <a href=\"http:\/\/www.tresorbonte.eu\/index.php\/2026\/03\/30\/chapitre-3-le-code-geisha\/\" class=\"read-btn\">Lire<\/a>\n            <\/li>\n<li class=\"chapter-item\">\n                <div class=\"chapter-content\">\n                    <div class=\"chapter-meta\">\n                        <span class=\"chapter-number\">Chapitre 4<\/span>\n                        <a href=\"http:\/\/http:\/\/www.tresorbonte.eu\/index.php\/2026\/03\/30\/chapitre-4_le-code-geisha\/\" class=\"chapter-name\">La Naissance d\u2019une Illusion<\/a>\n                    <\/div>\n                    <p class=\"chapter-excerpt\">Au sous-sol 3, l&rsquo;air sentait le papier sec et la poussi\u00e8re institutionnelle. C&rsquo;est ici que le groupe enterrait ce qu&rsquo;il ne pouvait pas d\u00e9truire.<\/p>\n                <\/div>\n                <a href=\"http:\/\/www.tresorbonte.eu\/index.php\/2026\/03\/29\/chapitre-2-le-code-gheisha\/\" class=\"read-btn\">Lire<\/a>\n            <\/li>\n\n        <\/ul>\n    <\/section>\n<\/div>\n<\/body>\n<\/html>\n","protected":false},"excerpt":{"rendered":"<p>Le Code Geisha \u2014 Tr\u00e9sor Bont\u00e9 \u2190 Retour \u00e0 Tr\u00e9sor Bont\u00e9 L&rsquo;Univers Litt\u00e9raire Sora HAN Le Code Geisha Thriller corporate : parce que tu le vaux bien. Le prestige, c&rsquo;est ce qui brille autour des r\u00e9putations, ce vernis d&rsquo;or qu&rsquo;on applique sur les surfaces lisses. Mais c&rsquo;est aussi ce qui se craquelle en premier quand [&hellip;]<\/p>\n","protected":false},"author":1,"featured_media":0,"parent":0,"menu_order":0,"comment_status":"closed","ping_status":"closed","template":"","meta":{"footnotes":""},"class_list":["post-125","page","type-page","status-publish","hentry"],"_links":{"self":[{"href":"https:\/\/www.tresorbonte.eu\/index.php\/wp-json\/wp\/v2\/pages\/125","targetHints":{"allow":["GET"]}}],"collection":[{"href":"https:\/\/www.tresorbonte.eu\/index.php\/wp-json\/wp\/v2\/pages"}],"about":[{"href":"https:\/\/www.tresorbonte.eu\/index.php\/wp-json\/wp\/v2\/types\/page"}],"author":[{"embeddable":true,"href":"https:\/\/www.tresorbonte.eu\/index.php\/wp-json\/wp\/v2\/users\/1"}],"replies":[{"embeddable":true,"href":"https:\/\/www.tresorbonte.eu\/index.php\/wp-json\/wp\/v2\/comments?post=125"}],"version-history":[{"count":12,"href":"https:\/\/www.tresorbonte.eu\/index.php\/wp-json\/wp\/v2\/pages\/125\/revisions"}],"predecessor-version":[{"id":146,"href":"https:\/\/www.tresorbonte.eu\/index.php\/wp-json\/wp\/v2\/pages\/125\/revisions\/146"}],"wp:attachment":[{"href":"https:\/\/www.tresorbonte.eu\/index.php\/wp-json\/wp\/v2\/media?parent=125"}],"curies":[{"name":"wp","href":"https:\/\/api.w.org\/{rel}","templated":true}]}}