{"id":6,"date":"2026-03-24T16:59:49","date_gmt":"2026-03-24T16:59:49","guid":{"rendered":"https:\/\/www.tresorbonte.eu\/index.php\/silverstorm\/"},"modified":"2026-03-30T21:54:25","modified_gmt":"2026-03-30T20:54:25","slug":"silverstorm","status":"publish","type":"page","link":"https:\/\/www.tresorbonte.eu\/","title":{"rendered":"Bienvenue !"},"content":{"rendered":"\n<meta charset=\"UTF-8\">\n\n\n\n<meta name=\"viewport\" content=\"width=device-width, initial-scale=1.0\">\n\n\n\n<title>Tr\u00e9sor &amp; Bont\u00e9 | Maison d&rsquo;\u00c9dition et Galerie<\/title>\n\n\n\n<style>\n        \/* ----- ADN VISUEL (Bas\u00e9 sur votre liseuse) ----- *\/\n        :root {\n            --bg-body: #eceae5; \/* Gris chaud *\/\n            --bg-paper: #fdfbf7; \/* Cr\u00e8me \u00e9dition *\/\n            --text-color: #1a1a1a;\n            --accent-color: #8c1515; \/* Rouge sceau \/ Sumi-\u00e9 *\/\n            --font-main: 'Georgia', serif;\n            --font-ui: 'Helvetica Neue', Helvetica, Arial, sans-serif;\n        }\n\n        \/* ----- RESET & BASE ----- *\/\n        * { box-sizing: border-box; margin: 0; padding: 0; }\n        \n        body {\n            background-color: var(--bg-body);\n            color: var(--text-color);\n            font-family: var(--font-main);\n            line-height: 1.6;\n            -webkit-font-smoothing: antialiased;\n            -moz-osx-font-smoothing: grayscale;\n        }\n\n        \/* ----- NAVIGATION ----- *\/\n        header {\n            padding: 40px 5%;\n            display: flex;\n            justify-content: space-between;\n            align-items: center;\n            border-bottom: 1px solid rgba(26, 26, 26, 0.1);\n        }\n\n        .logo {\n            font-size: 24px;\n            letter-spacing: 2px;\n            text-transform: uppercase;\n            text-decoration: none;\n            color: var(--text-color);\n        }\n\n        nav {\n            display: flex;\n            gap: 40px;\n        }\n\n        nav a {\n            font-family: var(--font-ui);\n            font-size: 11px;\n            text-transform: uppercase;\n            letter-spacing: 1.5px;\n            text-decoration: none;\n            color: var(--text-color);\n            transition: color 0.3s ease;\n        }\n\n        nav a:hover, nav a.active {\n            color: var(--accent-color);\n        }\n\n        \/* ----- CONTENEUR PRINCIPAL ----- *\/\n        main {\n            max-width: 900px; \/* Largeur r\u00e9duite pour un confort de lecture optimal *\/\n            margin: 0 auto;\n            padding: 80px 5%;\n        }\n\n        \/* ----- SECTION \"\u00c0 LA UNE\" (Sans image) ----- *\/\n        .hero-section {\n            display: block;\n        }\n\n        \/* Le Texte \/ Synopsis *\/\n        .hero-content {\n            padding-top: 20px;\n        }\n\n        .tag-une {\n            font-family: var(--font-ui);\n            font-size: 10px;\n            text-transform: uppercase;\n            letter-spacing: 2px;\n            color: var(--accent-color);\n            margin-bottom: 20px;\n            display: inline-block;\n            border-bottom: 1px solid var(--accent-color);\n            padding-bottom: 4px;\n        }\n\n        h1.book-title {\n            font-size: 42px;\n            font-weight: normal;\n            letter-spacing: 1px;\n            margin-bottom: 10px;\n            line-height: 1.1;\n        }\n\n        h2.book-author {\n            font-size: 22px;\n            font-style: italic;\n            font-weight: normal;\n            color: #555;\n            margin-bottom: 50px;\n        }\n\n        .trailer-text p {\n            font-size: 16px;\n            line-height: 1.9;\n            margin-bottom: 30px;\n            text-align: justify;\n            color: #333;\n        }\n\n        \/* Lettrine pour le premier paragraphe *\/\n        .trailer-text p:first-of-type::first-letter {\n            font-size: 3.5em;\n            float: left;\n            line-height: 0.7;\n            padding-right: 10px;\n            padding-top: 6px;\n            color: var(--text-color);\n        }\n\n        \/* Bouton d'action *\/\n        .btn-container {\n            margin-top: 40px;\n            text-align: center; \/* On centre le bouton pour plus d'\u00e9l\u00e9gance *\/\n        }\n\n        .btn-read {\n            display: inline-block;\n            padding: 15px 35px;\n            border: 1px solid var(--text-color);\n            background: transparent;\n            color: var(--text-color);\n            font-family: var(--font-ui);\n            font-size: 12px;\n            text-transform: uppercase;\n            letter-spacing: 1.5px;\n            text-decoration: none;\n            transition: all 0.3s ease;\n            cursor: pointer;\n        }\n\n        .btn-read:hover {\n            background: var(--text-color);\n            color: var(--bg-paper);\n        }\n\n        \/* ----- RESPONSIVE (Mobiles & Tablettes) ----- *\/\n        @media (max-width: 900px) {\n            header {\n                flex-direction: column;\n                gap: 20px;\n            }\n            .trailer-text p {\n                text-align: left; \/* Meilleure lisibilit\u00e9 sur petit \u00e9cran *\/\n            }\n        }\n    <\/style>\n\n\n\n<div class=\"wp-block-media-text is-stacked-on-mobile\"><figure class=\"wp-block-media-text__media\"><img loading=\"lazy\" decoding=\"async\" width=\"642\" height=\"1024\" src=\"http:\/\/www.tresorbonte.eu\/wp-content\/uploads\/2026\/03\/Untitled-design-3-1-642x1024.png\" alt=\"\" class=\"wp-image-114 size-full\" srcset=\"https:\/\/www.tresorbonte.eu\/wp-content\/uploads\/2026\/03\/Untitled-design-3-1-642x1024.png 642w, https:\/\/www.tresorbonte.eu\/wp-content\/uploads\/2026\/03\/Untitled-design-3-1-188x300.png 188w, https:\/\/www.tresorbonte.eu\/wp-content\/uploads\/2026\/03\/Untitled-design-3-1-768x1226.png 768w, https:\/\/www.tresorbonte.eu\/wp-content\/uploads\/2026\/03\/Untitled-design-3-1-963x1536.png 963w, https:\/\/www.tresorbonte.eu\/wp-content\/uploads\/2026\/03\/Untitled-design-3-1-1283x2048.png 1283w, https:\/\/www.tresorbonte.eu\/wp-content\/uploads\/2026\/03\/Untitled-design-3-1.png 1410w\" sizes=\"auto, (max-width: 642px) 100vw, 642px\" \/><\/figure><div class=\"wp-block-media-text__content\">\n<p><strong>Tout est FAUX&#8230; sauf la V\u00c9RIT\u00c9.<\/strong> <\/p>\n\n\n\n<p><\/p>\n\n\n\n<p>Bienvenue dans l&rsquo;Empire de l&rsquo;\u00c9l\u00e9gance. Un monde aux surfaces lisses et aux reflets dor\u00e9s, o\u00f9 la perfection absolue n&rsquo;est que le masque d&rsquo;une m\u00e9canique impitoyable. Un thriller psychologique vertigineux dans les coulisses secr\u00e8tes de la haute cosm\u00e9tique mondiale.<\/p>\n<\/div><\/div>\n\n\n\n<blockquote class=\"wp-block-quote is-layout-flow wp-block-quote-is-layout-flow\">\n<p class=\"has-medium-font-size\">\u00c0 propos de l&rsquo;auteure :  <\/p>\n\n\n\n<p class=\"has-medium-font-size\">Cor\u00e9enne \u00e9voluant entre l&rsquo;Europe et l&rsquo;Asie, Sora Han est une plume trilingue et multiculturelle. Apr\u00e8s une longue carri\u00e8re dans les sph\u00e8res confidentielles du luxe, elle signe ici une fiction puissante, directement inspir\u00e9e de faits r\u00e9els. <\/p>\n<\/blockquote>\n\n\n\n<main>\n        <section class=\"hero-section\">\n            <div class=\"hero-content\">\n                <span class=\"tag-une\">\u00c0 la une<\/span>\n                <h1 class=\"book-title\">Le Code Geisha<\/h1>\n                <h2 class=\"book-author\">Sora HAN<\/h2>\n\n                <div class=\"trailer-text\">\n                    <p>Paris est un mirage de sucre, de lumi\u00e8re et de mensonges soigneusement filtr\u00e9s pour ne jamais laisser para\u00eetre la r\u00e9alit\u00e9 du ch\u00f4mage ou des trottoirs gris. C&rsquo;est dans ce d\u00e9cor de carte postale qu&rsquo;un leader historique du luxe mondial a \u00e9rig\u00e9 son empire, une cath\u00e9drale de verre o\u00f9 l&rsquo;\u00e9l\u00e9gance est proclam\u00e9e comme un droit de naissance. Mais derri\u00e8re les fa\u00e7ades haussmanniennes se cache une m\u00e9canique de pr\u00e9dation syst\u00e9mique, un archipel de la honte orchestr\u00e9 pour servir les plaisirs de quelques Rois et de leurs Marquises.<\/p>\n                    \n                    <p>Dans cette cour moderne, le pouvoir se mesure \u00e0 la capacit\u00e9 d&rsquo;occuper l&rsquo;espace et de consommer les ressources humaines comme de simples menus de d\u00e9gustation. Pour obtenir une promotion prestigieuse ou un bureau au quarante-neuvi\u00e8me \u00e9tage, des l\u00e9gions de cadres ambitieux acceptent de devenir les \u00ab Toutous du Roi \u00bb, exer\u00e7ant contre leur propre \u00e9thique pour prot\u00e9ger les besoins de leurs ma\u00eetres.<\/p>\n                    \n                    <p>Au sommet de cet \u00e9difice, un homme c\u00e9l\u00e8bre pour sa vision humaniste re\u00e7oit le prix du \u00ab DRH de l&rsquo;ann\u00e9e \u00bb, paradant sous des slogans de bienveillance tels que \u00ab We Care \u00bb ou \u00ab Share &amp; Care \u00bb. Pourtant, dans l&rsquo;ombre du Donjon, les archives fant\u00f4mes du groupe recensent des milliers de victimes, des jeunes femmes id\u00e9alistes dont les carri\u00e8res ont \u00e9t\u00e9 liquid\u00e9es en quinze minutes apr\u00e8s avoir \u00e9t\u00e9 saign\u00e9es \u00e0 blanc par le syst\u00e8me. On leur offre un ch\u00e8que et une clause de confidentialit\u00e9 pour acheter leur oubli, car apr\u00e8s tout, elles le valent bien.<\/p>\n\n                    <p>Mais le temps est une arme que les pr\u00e9dateurs ont sous-estim\u00e9e. Apr\u00e8s vingt-sept ans de patience glaciale et de notes consign\u00e9es dans le secret, une survivante brise l&rsquo;omerta. Elle ne cherche pas de l&rsquo;argent, mais une ex\u00e9cution chirurgicale. Quand les secrets du Donjon sont enfin rendus publics, l&#8217;empire vacille, provoquant un crash boursier historique et le cr\u00e9puscule brutal des Dieux de la D\u00e9fense.<\/p>\n\n                    <p><em>Voici un roman thriller corporate dont l&rsquo;\u00e9criture et le rythme font r\u00e9f\u00e9rence \u00e0 la tension narrative de John Grisham et au myst\u00e8re envo\u00fbtant de Guillaume Musso. Un livre qui diss\u00e8que avec une pr\u00e9cision clinique la chute d&rsquo;un g\u00e9ant, comme si l&rsquo;on assistait \u00e0 la rencontre explosive entre l&rsquo;\u00e9l\u00e9gance glaciale du luxe et la fureur d&rsquo;une justice trop longtemps attendue.<\/em><\/p>\n                <\/div>\n\n                <div class=\"btn-container\">\n                    <a href=\"http:\/\/www.tresorbonte.eu\/index.php\/le-code-geisha-2\/\" class=\"btn-read\">D\u00e9couvrir le livre<\/a>\n                <\/div>\n            <\/div>\n\n        <\/section>\n    <\/main>\n","protected":false},"excerpt":{"rendered":"<p>Tr\u00e9sor &amp; Bont\u00e9 | Maison d&rsquo;\u00c9dition et Galerie Tout est FAUX&#8230; sauf la V\u00c9RIT\u00c9. Bienvenue dans l&rsquo;Empire de l&rsquo;\u00c9l\u00e9gance. Un monde aux surfaces lisses et aux reflets dor\u00e9s, o\u00f9 la perfection absolue n&rsquo;est que le masque d&rsquo;une m\u00e9canique impitoyable. Un thriller psychologique vertigineux dans les coulisses secr\u00e8tes de la haute cosm\u00e9tique mondiale. \u00c0 propos de [&hellip;]<\/p>\n","protected":false},"author":1,"featured_media":0,"parent":0,"menu_order":0,"comment_status":"closed","ping_status":"closed","template":"page-templates\/homepage.php","meta":{"footnotes":""},"class_list":["post-6","page","type-page","status-publish","hentry"],"_links":{"self":[{"href":"https:\/\/www.tresorbonte.eu\/index.php\/wp-json\/wp\/v2\/pages\/6","targetHints":{"allow":["GET"]}}],"collection":[{"href":"https:\/\/www.tresorbonte.eu\/index.php\/wp-json\/wp\/v2\/pages"}],"about":[{"href":"https:\/\/www.tresorbonte.eu\/index.php\/wp-json\/wp\/v2\/types\/page"}],"author":[{"embeddable":true,"href":"https:\/\/www.tresorbonte.eu\/index.php\/wp-json\/wp\/v2\/users\/1"}],"replies":[{"embeddable":true,"href":"https:\/\/www.tresorbonte.eu\/index.php\/wp-json\/wp\/v2\/comments?post=6"}],"version-history":[{"count":16,"href":"https:\/\/www.tresorbonte.eu\/index.php\/wp-json\/wp\/v2\/pages\/6\/revisions"}],"predecessor-version":[{"id":144,"href":"https:\/\/www.tresorbonte.eu\/index.php\/wp-json\/wp\/v2\/pages\/6\/revisions\/144"}],"wp:attachment":[{"href":"https:\/\/www.tresorbonte.eu\/index.php\/wp-json\/wp\/v2\/media?parent=6"}],"curies":[{"name":"wp","href":"https:\/\/api.w.org\/{rel}","templated":true}]}}